{"id":111,"date":"2015-02-10T18:12:04","date_gmt":"2015-02-10T16:12:04","guid":{"rendered":"http:\/\/psv-siegburg.de\/blog\/?page_id=111"},"modified":"2023-10-24T08:55:46","modified_gmt":"2023-10-24T06:55:46","slug":"impressum","status":"publish","type":"page","link":"https:\/\/psv-siegburg.de\/blog\/impressum\/","title":{"rendered":"Impressum"},"content":{"rendered":"<h1>Angaben gem\u00e4\u00df \u00a7 5 TMG:<\/h1>\n<p>PSV Siegburg 1976 e. V.<br \/>\nc\/o Kreispolizeibeh\u00f6rde<br \/>\nPostfach 1552<br \/>\n53705 Siegburg<\/p>\n<h2>Vertreten gem. \u00a726 BGB<\/h2>\n<p>durch zwei Mitglieder des gesch\u00e4ftsf\u00fchrenden Vorstands:<br \/>\nAndreas M\u00f6ller, Hans-Peter Sperber, Brigitte Shaffii, Frank Ennenbach<\/p>\n<h2>Kontakt:<\/h2>\n<table>\n<tbody>\n<tr>\n<td>Telefon:<\/td>\n<td>\u00a002241 &#8211; 541- 2145 (Andreas M\u00f6ller, 1. Vorsitzender)<\/td>\n<\/tr>\n<tr>\n<td>E-Mail:<\/td>\n<td>info@psv-siegburg.de<\/td>\n<\/tr>\n<\/tbody>\n<\/table>\n<h2>Inhaltlich Verantwortlicher gem. \u00a7 18 Abs. 2 Medienstaatsvertrag:<\/h2>\n<p>Andreas M\u00f6ller<br \/>\nc\/o Kreispolizeibeh\u00f6rde<br \/>\nPostfach 1552<br \/>\n53705 Siegburg<\/p>\n<h2>Registereintrag:<\/h2>\n<p>Eintragung im Vereinsregister.<br \/>\nRegistergericht: AG Siegburg<br \/>\nRegisternummer: VR1849<\/p>\n","protected":false},"excerpt":{"rendered":"<p>Angaben gem\u00e4\u00df \u00a7 5 TMG: PSV Siegburg 1976 e. V. c\/o Kreispolizeibeh\u00f6rde Postfach 1552 53705 Siegburg Vertreten gem. \u00a726 BGB durch zwei Mitglieder des gesch\u00e4ftsf\u00fchrenden Vorstands: Andreas M\u00f6ller, Hans-Peter Sperber, Brigitte Shaffii, Frank Ennenbach Kontakt: Telefon: \u00a002241 &#8211; 541- 2145 (Andreas M\u00f6ller, 1. Vorsitzender) E-Mail: info@psv-siegburg.de Inhaltlich Verantwortlicher gem. \u00a7 18 Abs. 2 Medienstaatsvertrag: Andreas &hellip; <a href=\"https:\/\/psv-siegburg.de\/blog\/impressum\/\" class=\"more-link\"><span class=\"screen-reader-text\">Impressum<\/span> weiterlesen <span class=\"meta-nav\">&rarr;<\/span><\/a><\/p>\n","protected":false},"author":1,"featured_media":0,"parent":0,"menu_order":0,"comment_status":"closed","ping_status":"closed","template":"","meta":{"footnotes":""},"class_list":["post-111","page","type-page","status-publish","hentry"],"_links":{"self":[{"href":"https:\/\/psv-siegburg.de\/blog\/wp-json\/wp\/v2\/pages\/111"}],"collection":[{"href":"https:\/\/psv-siegburg.de\/blog\/wp-json\/wp\/v2\/pages"}],"about":[{"href":"https:\/\/psv-siegburg.de\/blog\/wp-json\/wp\/v2\/types\/page"}],"author":[{"embeddable":true,"href":"https:\/\/psv-siegburg.de\/blog\/wp-json\/wp\/v2\/users\/1"}],"replies":[{"embeddable":true,"href":"https:\/\/psv-siegburg.de\/blog\/wp-json\/wp\/v2\/comments?post=111"}],"version-history":[{"count":9,"href":"https:\/\/psv-siegburg.de\/blog\/wp-json\/wp\/v2\/pages\/111\/revisions"}],"predecessor-version":[{"id":1620,"href":"https:\/\/psv-siegburg.de\/blog\/wp-json\/wp\/v2\/pages\/111\/revisions\/1620"}],"wp:attachment":[{"href":"https:\/\/psv-siegburg.de\/blog\/wp-json\/wp\/v2\/media?parent=111"}],"curies":[{"name":"wp","href":"https:\/\/api.w.org\/{rel}","templated":true}]}}