{"id":1756,"date":"2023-12-03T18:52:58","date_gmt":"2023-12-03T17:52:58","guid":{"rendered":"https:\/\/psv-siegburg.de\/blog\/?page_id=1756"},"modified":"2024-12-31T09:09:27","modified_gmt":"2024-12-31T08:09:27","slug":"warum-sollte-ich-ausgerechnet-wandern-wandern","status":"publish","type":"page","link":"https:\/\/psv-siegburg.de\/blog\/warum-sollte-ich-ausgerechnet-wandern-wandern\/","title":{"rendered":"Warum sollte ich ausgerechnet wandern?"},"content":{"rendered":"\r\n<p>&#8230;<\/p>\r\n<p>Lesen Sie hier dem Mitgliederbrief 2025 an die Wanderabteilung, der einige wichtige Informationen enth\u00e4lt <a href=\"http:\/\/psv-siegburg.de\/blog\/wp-content\/uploads\/2024\/12\/Mitgliederbrief-an-die-Wanderabteilung.pdf\">(hier klicken)<\/a><\/p>\r\n<p>&#8230;<\/p>\r\n<p>Deutschland erlebt einen Wander-Boom, und das nicht nur seit den Corona-Einschr\u00e4nkungen.<\/p>\r\n\r\n\r\n\r\n<p><strong>Wandern ist einfach \u201ein\u201c.<\/strong><\/p>\r\n\r\n\r\n\r\n<p>Man kann es nat\u00fcrlich auch wissenschaftlicher ausdr\u00fccken, so wie es z.B. der Deutsche Wanderverband tut:<\/p>\r\n\r\n\r\n\r\n<p>\u201eWandern wirkt sich vielf\u00e4ltig positiv auf die k\u00f6rperliche und psychische Gesundheit aus. Das Gehen ist f\u00fcr den Menschen die nat\u00fcrlichste Bewegungsform. Der zu-nehmende Bewegungsmangel in modernen Gesellschaften erzeugt \u00dcbergewicht, Herz-\/Kreislauferkrankungen oder Erkrankungen des Bewegungsapparates. Wan-dern ist ein gutes Gegenmittel, denn<br \/>\u2022 Wandern verbrennt viele Kalorien<br \/>\u2022 Wandern st\u00e4rkt den Bewegungsapparat<br \/>\u2022 Wandern verbessert Ausdauer und Kondition<br \/>\u2022 Wandern wirkt positiv auf das Immunsystem<br \/>\u2022 Wandern macht gl\u00fccklich<br \/>\u2022 Wandern hat positive Auswirkungen auf die Gehirnleistung\u201c<br \/>Quelle: Wandern und Gesundheit ( <a href=\"https:\/\/wanderverband.de\" target=\"_blank\" rel=\"noreferrer noopener\" data-type=\"URL\" data-id=\"https:\/\/wanderverband.de\">www.wanderverband.de <\/a>)<\/p>\r\n\r\n\r\n\r\n<p><strong>Und was bietet der PSV?<\/strong><\/p>\r\n\r\n\r\n\r\n<p>Die Wanderabteilung ist mit \u00fcber 50 aktiven Mitgliedern die gr\u00f6\u00dfte Abteilung des PSV. Der PSV Siegburg bietet in 3 Wandergruppen die M\u00f6glichkeit, in geselliger Runde etwas f\u00fcr K\u00f6rper und Geist zu tun.<\/p>\r\n\r\n\r\n\r\n<p>Wir wandern bei (fast) jedem Wetter mit jeder Gruppe mindestens\u00a0einmal im Monat. Ein \u201eEinkehrschwung\u201c zum Ende der Wanderung darf nat\u00fcrlich nicht fehlen.<\/p>\r\n\r\n\r\n\r\n<p>Die Gruppen sind hinsichtlich Streckenl\u00e4nge, H\u00f6henmeter, Schwierigkeitsgrad und Tempo unterschiedlich, sodass f\u00fcr die Meisten etwas dabei sein wird:<\/p>\r\n\r\n\r\n\r\n<p>Gruppe 1: sportliches Tempo, ca. 15 \u2013 17 Kilometer <a href=\"https:\/\/psv-siegburg.de\/blog\/wandern\/wandergruppe-1\/\">(weiterf\u00fchrender Link)<\/a><em><br \/><\/em>Gruppe 2: moderates Tempo, ca. 10 \u2013 12 Kilometer <a href=\"https:\/\/psv-siegburg.de\/blog\/wandern\/wandergruppe-2\/\">(weiterf\u00fchrender Link)<\/a><em><br \/><\/em>Gruppe 3: moderates Tempo, ca. 12 \u2013 17 Kilometer <a href=\"https:\/\/psv-siegburg.de\/blog\/wandern\/wandergruppe-3\/\">(weiterf\u00fchrender Link)<\/a><\/p>\r\n\r\n\r\n\r\n<p>Seit M\u00e4rz 2024 wird ein Kursprogramm zur Stressreduktion und Entspannung durch Wandern angeboten <a href=\"https:\/\/psv-siegburg.de\/blog\/stressreduktion-und-entspannung-durch-wandern\/\">(weiterf\u00fchrender Link)<\/a><br \/><br \/>Dar\u00fcber hinaus besteht die M\u00f6glichkeit, beim PSV einen \u201ePers\u00f6nlichen Wander-Coach\u201c zu buchen <a href=\"https:\/\/psv-siegburg.de\/blog\/persoenlicher-wander-coach\/\">(weiterf\u00fchrender Link)<\/a><br \/><br \/>Weiterhin veranstalten wir in jedem Jahr ein dreit\u00e4giges Wanderwochenende sowie eine Wanderwoche im Herbst. Wer Interesse hat, meldet sich bitte unter <a href=\"mailto:wandern@psv-siegburg.de\">wandern@psv-siegburg.de<\/a><\/p>\r\n\r\n<p>&nbsp;<\/p>","protected":false},"excerpt":{"rendered":"<p>&#8230; Lesen Sie hier dem Mitgliederbrief 2025 an die Wanderabteilung, der einige wichtige Informationen enth\u00e4lt (hier klicken) &#8230; Deutschland erlebt einen Wander-Boom, und das nicht nur seit den Corona-Einschr\u00e4nkungen. Wandern ist einfach \u201ein\u201c. Man kann es nat\u00fcrlich auch wissenschaftlicher ausdr\u00fccken, so wie es z.B. der Deutsche Wanderverband tut: \u201eWandern wirkt sich vielf\u00e4ltig positiv auf die &hellip; <a href=\"https:\/\/psv-siegburg.de\/blog\/warum-sollte-ich-ausgerechnet-wandern-wandern\/\" class=\"more-link\"><span class=\"screen-reader-text\">Warum sollte ich ausgerechnet wandern?<\/span> weiterlesen <span class=\"meta-nav\">&rarr;<\/span><\/a><\/p>\n","protected":false},"author":1,"featured_media":0,"parent":0,"menu_order":0,"comment_status":"closed","ping_status":"closed","template":"","meta":{"footnotes":""},"class_list":["post-1756","page","type-page","status-publish","hentry"],"_links":{"self":[{"href":"https:\/\/psv-siegburg.de\/blog\/wp-json\/wp\/v2\/pages\/1756"}],"collection":[{"href":"https:\/\/psv-siegburg.de\/blog\/wp-json\/wp\/v2\/pages"}],"about":[{"href":"https:\/\/psv-siegburg.de\/blog\/wp-json\/wp\/v2\/types\/page"}],"author":[{"embeddable":true,"href":"https:\/\/psv-siegburg.de\/blog\/wp-json\/wp\/v2\/users\/1"}],"replies":[{"embeddable":true,"href":"https:\/\/psv-siegburg.de\/blog\/wp-json\/wp\/v2\/comments?post=1756"}],"version-history":[{"count":23,"href":"https:\/\/psv-siegburg.de\/blog\/wp-json\/wp\/v2\/pages\/1756\/revisions"}],"predecessor-version":[{"id":2292,"href":"https:\/\/psv-siegburg.de\/blog\/wp-json\/wp\/v2\/pages\/1756\/revisions\/2292"}],"wp:attachment":[{"href":"https:\/\/psv-siegburg.de\/blog\/wp-json\/wp\/v2\/media?parent=1756"}],"curies":[{"name":"wp","href":"https:\/\/api.w.org\/{rel}","templated":true}]}}