{"id":183,"date":"2015-03-20T18:53:43","date_gmt":"2015-03-20T16:53:43","guid":{"rendered":"http:\/\/psv-siegburg.de\/blog\/?page_id=183"},"modified":"2025-02-13T13:12:24","modified_gmt":"2025-02-13T12:12:24","slug":"mitglied-werden","status":"publish","type":"page","link":"https:\/\/psv-siegburg.de\/blog\/mitglied-werden\/","title":{"rendered":"Mitglied werden"},"content":{"rendered":"\r\n<p>Das Anmeldeformular k\u00f6nnen Sie hier als\u00a0<img decoding=\"async\" src=\"http:\/\/psv-siegburg.de\/img\/pfeil.gif\" alt=\"\" \/>\u00a0<strong><a href=\"http:\/\/psv-siegburg.de\/blog\/wp-content\/uploads\/2025\/02\/250211_Aufnahmeantrag.docx\" target=\"_blank\" rel=\"noreferrer noopener\">doc-Datei<\/a><\/strong> oder\u00a0 <img decoding=\"async\" src=\"http:\/\/psv-siegburg.de\/img\/pfeil.gif\" alt=\"\" \/><a href=\"http:\/\/psv-siegburg.de\/blog\/wp-content\/uploads\/2023\/10\/2306\">\u00a0<\/a><strong><a href=\"http:\/\/psv-siegburg.de\/blog\/wp-content\/uploads\/2025\/02\/250211_Aufnahmeantrag.pdf\">pdf-Dokument<\/a><\/strong> aufrufen. Bitte drucken Sie es aus und senden es ausgef\u00fcllt per Post an:<\/p>\r\n\r\n\r\n\r\n<p>&nbsp;<\/p>\r\n\r\n\r\n\r\n<p>&nbsp;<\/p>\r\n\r\n\r\n\r\n<p><strong>Polizei-Sport-Verein Siegburg 1976 e.V.<\/strong><br \/>Gesch\u00e4ftsstelle<br \/>Frankfurter Stra\u00dfe 12 \u2013 18<br \/>53721 Siegburg<\/p>\r\n\r\n\r\n\r\n<p>Einblick in unsere Satzung k\u00f6nnen Sie unter dem Menupunkt\u00a0\u00a0Satzung nehmen.<\/p>\r\n","protected":false},"excerpt":{"rendered":"<p>Das Anmeldeformular k\u00f6nnen Sie hier als\u00a0\u00a0doc-Datei oder\u00a0 \u00a0pdf-Dokument aufrufen. Bitte drucken Sie es aus und senden es ausgef\u00fcllt per Post an: &nbsp; &nbsp; Polizei-Sport-Verein Siegburg 1976 e.V.Gesch\u00e4ftsstelleFrankfurter Stra\u00dfe 12 \u2013 1853721 Siegburg Einblick in unsere Satzung k\u00f6nnen Sie unter dem Menupunkt\u00a0\u00a0Satzung nehmen.<\/p>\n","protected":false},"author":1,"featured_media":0,"parent":0,"menu_order":0,"comment_status":"closed","ping_status":"closed","template":"","meta":{"footnotes":""},"class_list":["post-183","page","type-page","status-publish","hentry"],"_links":{"self":[{"href":"https:\/\/psv-siegburg.de\/blog\/wp-json\/wp\/v2\/pages\/183"}],"collection":[{"href":"https:\/\/psv-siegburg.de\/blog\/wp-json\/wp\/v2\/pages"}],"about":[{"href":"https:\/\/psv-siegburg.de\/blog\/wp-json\/wp\/v2\/types\/page"}],"author":[{"embeddable":true,"href":"https:\/\/psv-siegburg.de\/blog\/wp-json\/wp\/v2\/users\/1"}],"replies":[{"embeddable":true,"href":"https:\/\/psv-siegburg.de\/blog\/wp-json\/wp\/v2\/comments?post=183"}],"version-history":[{"count":20,"href":"https:\/\/psv-siegburg.de\/blog\/wp-json\/wp\/v2\/pages\/183\/revisions"}],"predecessor-version":[{"id":2325,"href":"https:\/\/psv-siegburg.de\/blog\/wp-json\/wp\/v2\/pages\/183\/revisions\/2325"}],"wp:attachment":[{"href":"https:\/\/psv-siegburg.de\/blog\/wp-json\/wp\/v2\/media?parent=183"}],"curies":[{"name":"wp","href":"https:\/\/api.w.org\/{rel}","templated":true}]}}