{"id":187,"date":"2015-03-20T18:56:14","date_gmt":"2015-03-20T16:56:14","guid":{"rendered":"http:\/\/psv-siegburg.de\/blog\/?page_id=187"},"modified":"2023-03-12T23:22:17","modified_gmt":"2023-03-12T22:22:17","slug":"selbstbehauptungskurse","status":"publish","type":"page","link":"https:\/\/psv-siegburg.de\/blog\/selbstbehauptungskurse\/","title":{"rendered":"Selbstbehauptungskurse"},"content":{"rendered":"<h1 style=\"text-align: center;\">Selbstbehauptung &#8211; Selbstverteidigung\u00a0 \u00a0 \u00a0 \u00a0 \u00a0f\u00fcr Frauen \/ M\u00e4dchen (&gt;16 Jahre)<\/h1>\n<div class=\"page\" title=\"Page 1\">\n<div class=\"section\">\n<div class=\"layoutArea\">\n<div class=\"column\">\n<p><strong>N E U E R \u00a0Kurs in 2023 mit einem neuen Trainer-Team<\/strong><\/p>\n<p>Nach \u00fcber 10 Jahren gemeinsamer, erfolgreicher Arbeit haben die Polizeibeamte <strong>PHKin Sonja G\u00f6de<\/strong> und <strong>PHKa.D. Wilfried Paukstadt<\/strong> ihr Engagement als Selbstbehauptung- Selbstverteidigungstrainer f\u00fcr den Polizei-Sport-Verein Siegburg eV, aus gesundheitlichen- und Altersgr\u00fcnden eingestellt.<\/p>\n<p>Sie blicken damit auf viele Jahre gemeinsamer Arbeit und veranstalteten Kursen, Workshops und Seminaren zur\u00fcck. Ihre Arbeit hat dazu beigetragen, das Selbstbewusstsein und auch die Wehrhaftigkeit von Frauen in gef\u00e4hrlichen Situationen zu steigern.<\/p>\n<p>Grundlage f\u00fcr die SBSV-Kurse waren auch ihre pers\u00f6nlichen Erfahrungen aus dem Dienst bei der Polizei. So konnten sie die Kurse auch immer dem aktuellen Zeitgeschehen und selbstverst\u00e4ndlich auch den individuellen Gegebenheiten der Gruppe der Teilnehmerinnen anpassen.\u00a0<\/p>\n<p>Die Frauen waren in allen Kursen immer hoch motiviert und gingen im Selbstbewusstseins-Part immer \u00fcber anerzogene Grenzen hinaus. PHKin G\u00f6de brachte mancher braven, stets h\u00f6flichen, netten Frau bei, sich situationsangepasst zur FURIE zu entwickeln und sich so gegen einen \u201eAngreifer\u201c effektiv zu wehren. Im Selbstverteidigungs-Part bekam PHK Paukstadt dann so manche Blessur und sogar gelegentlich ein &#8222;blaues Auge&#8220; ab.<\/p>\n<p>Nicht nur die Frauen wuchsen oft \u00fcber sich selbst hinaus, indem sie Dinge vollbrachten, die sie sich zuvor nie zugetraut hatten, sondern auch f\u00fcr die beiden Trainer war es immer ein gro\u00dfes Erlebnis die Entwicklung vom ersten bis zum letzten Kurstag mit zu zu erleben.\u00a0<\/p>\n<p>Aufgrund h\u00e4ufigerAnfragen aus der Bev\u00f6lkerung und auch den vorhandenen positiven R\u00fcckmeldungen ehemaliger Teilnehmerinnen wurden bereits seit 2019 vom PSV-Siegburg zwei neue SBSV-Trainer ausgebildet und in die interessante und auch notwendige Arbeit der vergangenen Kurse integriert.<\/p>\n<p>Dabei handelt es sich um POKin Claudia M\u00fcller und POK Pascal Hauseur. (Beide aktive Polizeibeamte im Rhein Sieg Kreis)<\/p>\n<p>Sie verf\u00fcgen mittlerweile \u00fcber ein enormes Fundament durch Mitgestaltung vergangener Kurse (2019-2022). Auch aufgrund ihres Dienstes als Polizeibeamte verf\u00fcgen auch sie \u00fcber ein erweitertes Wissen um Gewalt. (Entstehung \/ Eskalation \/ Konflikt)\u00a0<\/p>\n<p>Ihren ersten gemeinsame SBSV-Kurs (<strong>S<\/strong>elbst<strong>B<\/strong>ehauptung \/ <strong>S<\/strong>elbst<strong>V<\/strong>erteidigung) starten \u00a0Claudia M\u00fcller und Pascal Hauseur am 18.04.2023 um 17:30 Uhr. (10 Einheiten)<\/p>\n<p>Trainingsort: \u00a0 \u00a0 \u00a0 \u00a0 \u00a0 \u00a0 \u00a0 \u00a0 \u00a0 \u00a0 \u00a0 \u00a0<strong>Adolf Kolping Schule<\/strong><br \/>Adresse: \u00a0 \u00a0 \u00a0 \u00a0 \u00a0 \u00a0 \u00a0 \u00a0 \u00a0 \u00a0 \u00a0 \u00a0 \u00a0 \u00a0 \u00a0 \u00a0 Arndtstra\u00dfe \u00a0 53721 Siegburg<br \/>Zeit: \u00a0 \u00a0 \u00a0 \u00a0 \u00a0 \u00a0 \u00a0 \u00a0 \u00a0 \u00a0 \u00a0 \u00a0 \u00a0 \u00a0 \u00a0 \u00a0 \u00a0 \u00a0 \u00a0 \u00a0 \u00a0Dienstags von 17:30-19:00 Uhr \u00a0 \u00a0 \u00a0 \u00a0 \u00a0 \u00a0 \u00a0 \u00a0 \u00a0 \u00a0 \u00a0 \u00a0 \u00a0 \u00a0 \u00a0 \u00a0 \u00a0 \u00a0 \u00a0 \u00a0 \u00a0 \u00a0 \u00a0 \u00a0 \u00a0 \u00a0<\/p>\n<p><strong>Die Kursgeb\u00fchr f\u00fcr alle 10 Einheiten betr\u00e4gt 100 \u20ac<\/strong><\/p>\n<p>Eigen- und Fremdwahrnehmung sowie Kommunikation werden geschult; realistische und einfache Selbstverteidigungstechniken werden erlernt. So sind die Teilnehmerinnen dann vorbereitet und k\u00f6nnen bedrohliche Situationen besser l\u00f6sen. Der Kurs geht \u00fcber 10 Wochen \u00e0 90 Minuten.<\/p>\n<p>Die Teilnehmerinnen geben immer wieder sehr positive R\u00fcckmeldungen; noch nach Jahren erinnern sich einige Teilnehmerinnen an den Kurs und betonen wie sehr ihnen dieses Training geholfen hat, Selbstbewusstsein, Kampfwillen und Eigenwahrnehmung zu st\u00e4rken.<\/p>\n<p>Claudia M\u00fcller und Pascal Hauseur freuen sich auf ihren ersten Kurs mit sicher vielen neuen Herausforderungen.<\/p>\n<p>Wer nun Interesse gefunden hat, der sollte mit seiner Anmeldung nicht lange warten. Die Kurse sind in der Teilnehmerzahl limitiert und erfahrungsgem\u00e4\u00df schnell ausgebucht.<\/p>\n<p>Anmeldeformulare sind unter dem Text als PDF-Formular hinterlegt.\u00a0<br \/>[pdf-embedder url=&#8220;http:\/\/psv-siegburg.de\/blog\/wp-content\/uploads\/2023\/03\/Anmeldung-2023.pdf&#8220; title=&#8220;Anmeldung 2023&#8243;]<\/p>\n<p>\u00a0<\/p>\n<\/div>\n<\/div>\n<\/div>\n<\/div>\n\n\n<p><\/p>\n\n\n\n<p class=\"wp-block-pdfemb-pdf-embedder-viewer\"><\/p>\n\n\n\n<p class=\"wp-block-pdfemb-pdf-embedder-viewer\"><\/p>\n","protected":false},"excerpt":{"rendered":"<p>Selbstbehauptung &#8211; Selbstverteidigung\u00a0 \u00a0 \u00a0 \u00a0 \u00a0f\u00fcr Frauen \/ M\u00e4dchen (&gt;16 Jahre) N E U E R \u00a0Kurs in 2023 mit einem neuen Trainer-Team Nach \u00fcber 10 Jahren gemeinsamer, erfolgreicher Arbeit haben die Polizeibeamte PHKin Sonja G\u00f6de und PHKa.D. Wilfried Paukstadt ihr Engagement als Selbstbehauptung- Selbstverteidigungstrainer f\u00fcr den Polizei-Sport-Verein Siegburg eV, aus gesundheitlichen- und Altersgr\u00fcnden &hellip; <a href=\"https:\/\/psv-siegburg.de\/blog\/selbstbehauptungskurse\/\" class=\"more-link\"><span class=\"screen-reader-text\">Selbstbehauptungskurse<\/span> weiterlesen <span class=\"meta-nav\">&rarr;<\/span><\/a><\/p>\n","protected":false},"author":1,"featured_media":0,"parent":0,"menu_order":0,"comment_status":"closed","ping_status":"closed","template":"","meta":{"footnotes":""},"class_list":["post-187","page","type-page","status-publish","hentry"],"_links":{"self":[{"href":"https:\/\/psv-siegburg.de\/blog\/wp-json\/wp\/v2\/pages\/187"}],"collection":[{"href":"https:\/\/psv-siegburg.de\/blog\/wp-json\/wp\/v2\/pages"}],"about":[{"href":"https:\/\/psv-siegburg.de\/blog\/wp-json\/wp\/v2\/types\/page"}],"author":[{"embeddable":true,"href":"https:\/\/psv-siegburg.de\/blog\/wp-json\/wp\/v2\/users\/1"}],"replies":[{"embeddable":true,"href":"https:\/\/psv-siegburg.de\/blog\/wp-json\/wp\/v2\/comments?post=187"}],"version-history":[{"count":41,"href":"https:\/\/psv-siegburg.de\/blog\/wp-json\/wp\/v2\/pages\/187\/revisions"}],"predecessor-version":[{"id":1532,"href":"https:\/\/psv-siegburg.de\/blog\/wp-json\/wp\/v2\/pages\/187\/revisions\/1532"}],"wp:attachment":[{"href":"https:\/\/psv-siegburg.de\/blog\/wp-json\/wp\/v2\/media?parent=187"}],"curies":[{"name":"wp","href":"https:\/\/api.w.org\/{rel}","templated":true}]}}