{"id":2186,"date":"2024-12-04T21:00:10","date_gmt":"2024-12-04T20:00:10","guid":{"rendered":"https:\/\/psv-siegburg.de\/blog\/?page_id=2186"},"modified":"2025-12-07T17:15:07","modified_gmt":"2025-12-07T16:15:07","slug":"unser-sportliches-angebot-im-jahr-2026","status":"publish","type":"page","link":"https:\/\/psv-siegburg.de\/blog\/unser-sportliches-angebot-im-jahr-2026\/","title":{"rendered":"Unser sportliches Angebot im Jahr 2026"},"content":{"rendered":"<div id=\"pl-2186\" class=\"panel-layout\">\n<div id=\"pg-2186-0\" class=\"panel-grid panel-no-style\">\n<div id=\"pgc-2186-0-0\" class=\"panel-grid-cell\" data-weight=\"1\">\n<div id=\"panel-2186-0-0-0\" class=\"so-panel widget widget_sow-editor panel-first-child panel-last-child\" data-index=\"0\" data-style=\"{&quot;background_image_attachment&quot;:false,&quot;background_display&quot;:&quot;tile&quot;,&quot;background_image_size&quot;:&quot;full&quot;,&quot;background_image_opacity&quot;:&quot;100&quot;,&quot;border_thickness&quot;:&quot;1px&quot;}\">\n<div class=\"so-widget-sow-editor so-widget-sow-editor-base\">\n<div class=\"siteorigin-widget-tinymce textwidget\">\n<div>\n<div class=\"page\" title=\"Page 1\">\n<div class=\"layoutArea\">\n<div class=\"column\">\n<h1>Liebe Sportfreundinnen und Sportfreunde,<\/h1>\n<div class=\"page\" title=\"Page 1\">\n<div class=\"layoutArea\">\n<div class=\"column\">\n<p>das Jahr 2025 geht zu Ende und damit ein Jahr mit vielen Aktivita\u0308ten in unserem PSV.<\/p>\n<p>Unser regelma\u0308\u00dfiges Sportprogramm beim Wandern, Badminton und Tischtennis ist gut besucht. Im kommenden Jahr werden wir auch Nordic Walking in unser Sportprogramm aufnehmen.<\/p>\n<p>Die Abteilung Pra\u0308vention engagiert sich in vielfa\u0308ltiger Weise bei der Schwimmausbildung von Frauen und Kindern, bei den Selbstbehauptungskursen fu\u0308r Frauen und Ma\u0308dchen und bei der Integration von Menschen aus anderen Kulturkreisen. Der PSV ist als Stu\u0308tzpunktverein des Deutschen Olympischen Sportbundes (DOSB) im Bundesprogramm \u201eIntegration durch Sport\u201c anerkannt.<\/p>\n<p>Wir engagieren uns seit einigen Jahren im Landesprogramm \u201eNRW kann Schwimmen\u201c und bieten in Kooperation mit den Kommunen Schwimmkurse fu\u0308r Schulkinder in den Ferien an. Neben uns macht das u\u0308brigens nur ein weiterer Sportverein im Rhein-Sieg-Kreis.<\/p>\n<div class=\"page\" title=\"Page 1\">\n<div class=\"layoutArea\">\n<div class=\"column\">\n<p><strong>Es gibt also einige Gru\u0308nde, auf unseren PSV stolz zu sein.<\/strong><\/p>\n<\/div>\n<\/div>\n<\/div>\n<\/div>\n<\/div>\n<\/div>\n<\/div>\n<\/div>\n<\/div>\n<div class=\"page\" title=\"Page 1\">\n<div class=\"layoutArea\">\n<div class=\"column\">\n<p>Und die Mitgliedschaft kostet nur 50,- \u20ac im Jahr (fu\u0308r inaktive Mitglieder nur 30,- \u20ac). Im Rhein-Sieg-Kreis betra\u0308gt der Mitgliedsbeitrag in einem anderen Sportverein mindestens 120,- \u20ac im Jahr.<\/p>\n<p>Trotzdem sinken unsere Mitgliederzahlen seit einigen Jahren. Insbesondere bei den Aktiven haben wir Verluste zu verzeichnen. Diese sind vor Allem auf die Auflo\u0308sung unserer Abteilungen \u201eJiu Jitsu Training Polizei\u201c und Frauenfu\u00dfball, jeweils aufgrund mangelnden Interesses, zuru\u0308ckzufu\u0308hren. Besonders schmerzlich ist, dass es sich hier um eher ju\u0308ngere Mitglieder und u\u0308berwiegend Polizeibeamtinnen und -beamte handelte.<\/p>\n<p>Das Training bei Badminton und Tischtennis findet regelma\u0308\u00dfig statt. Wa\u0308hrend die TT- Abteilung aber nur noch wenige neue Spieler aufnehmen kann, werden unsere Trainingskapazita\u0308ten beim Badminton nur zu etwa 20 % genutzt. Offensichtlich sind viele Menschen bereit, statt einer PSV-Mitgliedschaft eine Platzmiete von 20,- \u20ac pro Stunde zu bezahlen. Oder sie wissen einfach nicht, dass es gu\u0308nstiger geht.<\/p>\n<p>Hier ko\u0308nnen wir bei der Werbung, bei der O\u0308ffentlichkeitsarbeit und der Gewinnung neuer Mitglieder sicher noch besser werden.<\/p>\n<p>Um unsere Vorzu\u0308ge und Leistungen auf den Punkt zu bringen, haben wir folgenden Slogan entwickelt:<\/p>\n<div class=\"page\" title=\"Page 1\">\n<div class=\"layoutArea\">\n<div class=\"column\">\n<h1><a href=\"http:\/\/psv-siegburg.de\/blog\/wp-content\/uploads\/2025\/12\/Slogan-fuer-Webseite-scaled.jpg\" data-rel=\"lightbox-image-0\" data-rl_title=\"\" data-rl_caption=\"\" title=\"\"><img loading=\"lazy\" decoding=\"async\" class=\"aligncenter wp-image-2452 size-large\" src=\"http:\/\/psv-siegburg.de\/blog\/wp-content\/uploads\/2025\/12\/Slogan-fuer-Webseite-1024x484.jpg\" alt=\"\" width=\"474\" height=\"224\" srcset=\"https:\/\/psv-siegburg.de\/blog\/wp-content\/uploads\/2025\/12\/Slogan-fuer-Webseite-1024x484.jpg 1024w, https:\/\/psv-siegburg.de\/blog\/wp-content\/uploads\/2025\/12\/Slogan-fuer-Webseite-300x142.jpg 300w, https:\/\/psv-siegburg.de\/blog\/wp-content\/uploads\/2025\/12\/Slogan-fuer-Webseite-768x363.jpg 768w, https:\/\/psv-siegburg.de\/blog\/wp-content\/uploads\/2025\/12\/Slogan-fuer-Webseite-1536x726.jpg 1536w, https:\/\/psv-siegburg.de\/blog\/wp-content\/uploads\/2025\/12\/Slogan-fuer-Webseite-2048x968.jpg 2048w\" sizes=\"(max-width: 474px) 100vw, 474px\" \/><\/a><\/h1>\n<div class=\"page\" title=\"Page 2\">\n<div class=\"layoutArea\">\n<div class=\"column\">\n<h1><\/h1>\n<h1>Der Vorstand stellt sich vor:<\/h1>\n<\/div>\n<\/div>\n<\/div>\n<\/div>\n<\/div>\n<\/div>\n<\/div>\n<\/div>\n<\/div>\n<div class=\"page\" title=\"Page 2\">\n<div class=\"layoutArea\">\n<div class=\"column\">\n<p><a href=\"http:\/\/psv-siegburg.de\/blog\/wp-content\/uploads\/2025\/12\/2025-11-Vorstandsportraits.png\" data-rel=\"lightbox-image-1\" data-rl_title=\"\" data-rl_caption=\"\" title=\"\"><img loading=\"lazy\" decoding=\"async\" class=\"aligncenter wp-image-2453 size-full\" src=\"http:\/\/psv-siegburg.de\/blog\/wp-content\/uploads\/2025\/12\/2025-11-Vorstandsportraits.png\" alt=\"\" width=\"669\" height=\"521\" srcset=\"https:\/\/psv-siegburg.de\/blog\/wp-content\/uploads\/2025\/12\/2025-11-Vorstandsportraits.png 669w, https:\/\/psv-siegburg.de\/blog\/wp-content\/uploads\/2025\/12\/2025-11-Vorstandsportraits-300x234.png 300w\" sizes=\"(max-width: 669px) 100vw, 669px\" \/><\/a>Auch die Zahl der Ehrenamtlichen im Vorstand nimmt immer mehr ab: Uns fehlt in den Abteilungen Pra\u0308vention und Wandern eine Abteilungsleitung. Auch fehlen uns ein(e) 2. Gescha\u0308ftsfu\u0308hrer(in) und ab 2027 ein(e) Fachwart(in) O\u0308ffentlichkeitsarbeit. Das sind schlechte Voraussetzungen fu\u0308r die Zukunft.<\/p>\n<p>Ihr seid unsere wichtigsten PSV-Botschafter und daher meine Bitte an Euch:<\/p>\n<ul>\n<li>Helft uns bei der Mitgliederwerbung: Tragt die Botschaft \u201ePSV Siegburg: Der Breitensportverein fu\u0308r Jedermann mit viel Leistung fu\u0308r wenig Geld\u201c in Euren Familien-, Freundes- und Bekanntenkreis und werbt aktiv neue Mitglieder.<\/li>\n<li>Engagiert Euch im PSV, damit wir noch besser werden: Meldet Euch beim Vorstand, wenn Ihr Euch ehrenamtlich engagieren mo\u0308chtet. Ihr ko\u0308nnt nach ei- nem ausfu\u0308hrlichen Gespra\u0308ch gerne auch hospitieren.Im na\u0308chsten Jahr feiern wir das 50-ja\u0308hrige Jubila\u0308um unseres PSV. Es wa\u0308re scho\u0308n, wenn mein Appell bis dahin schon Fru\u0308chte tragen wu\u0308rde.<br \/>\nUnd da wir unser 50-Ja\u0308hriges angemessen mit Euch feiern mo\u0308chten, solltet Ihr Euch den 11. Juli fu\u0308r die Jubila\u0308ums-Feier eintragen. Weitere Einzelheiten dazu ko\u0308nnt Ihr der beigefu\u0308gten <a href=\"http:\/\/psv-siegburg.de\/blog\/wp-content\/uploads\/2025\/12\/Anl-3Jubilaeumsfeier.pdf\" target=\"_blank\" rel=\"noopener\"><span style=\"color: #0000ff;\">Anlage 3<\/span><\/a> zum Jahresprogramm entnehmen.In diesem Sinne wu\u0308nsche ich Euch ein frohes Weihnachtsfest und ein gutes neues Jahr. Bleibt gesund und sportlich aktiv<\/li>\n<\/ul>\n<\/div>\n<\/div>\n<div class=\"layoutArea\">\n<div class=\"column\">\n<p>Euer<br \/>\nAndreas Mo\u0308ller,\u00a0 Vorsitzender<\/p>\n<\/div>\n<\/div>\n<\/div>\n<div class=\"page\" title=\"Page 3\">\n<div class=\"layoutArea\">\n<div class=\"column\">\n<h1>Unser sportliches Angebot im Jahr 2026<\/h1>\n<h2>Badminton-Abteilung<\/h2>\n<p>Abteilungsleiterin: Karola Mo\u0308ller E-Mail: <a href=\"mailto:badminton@psv-siegburg.de\"><span style=\"color: #0000ff;\">badminton@psv-siegburg.de<\/span><\/a><\/p>\n<p>Anfa\u0308nger und Fortgeschrittene spielen gemeinsam ohne Leistungsdruck, aber mit viel Spa\u00df.<br \/>\nTraining und Spiele jeden Montag, au\u00dfer Feiertag, in den Ferien nach Absprache. Zeit: 19.00 Uhr &#8211; 21.00 Uhr in der Sporthalle des Berufskollegs Hennef, Fritz-Jacobi- Str.<\/p>\n<p>Neue Mitspieler sind gerne willkommen, uns beim Schnupper-Training kennen zu lernen.<br \/>\nEs besteht die Mo\u0308glichkeit zur Teilnahme am Kuddel-Muddel Badminton vom Betriebssportverband NRW mit anschlie\u00dfender Wertung. Dabei werden von den vielen unterschiedlichen Vereinen die Teilnehmer zum gemischten Doppel gelost.<\/p>\n<p>Fu\u0308r das leibliche Wohl wird auch gesorgt, da jeder Teilnehmer etwas zu essen mitbringt. Weitere Infos folgen.<\/p>\n<p>Geplante Teamevents:<br \/>\n\u2022 Sommergrillparty &#8211; der genaue Termin hierzu wird noch bekannt gegeben.<\/p>\n<h2>Tischtennis-Abteilung<\/h2>\n<p>Abteilungsleiterin: Brigitte Shaffii (0152-09872619) E-Mail: <span style=\"color: #0000ff;\"><a style=\"color: #0000ff;\" href=\"mailto:tischtennis@psv-siegburg.de\">tischtennis@psv-siegburg.de<\/a><\/span><\/p>\n<p>Als Ausgleich zum oft stressigen Berufsleben bieten wir stressfreies TT-Spielen an. Vorkenntnisse sind keine Voraussetzung einer Teilnahme.<\/p>\n<p>Training jeden Montag (au\u00dferhalb der Ferien), 17.00 \u2013 19.00 Uhr,<br \/>\nTurnhalle Siegburg, Hochstr. 2, Geba\u0308ude E (rechts neben dem ru\u0308ckwa\u0308rtigen Bahn- hofsausgang).<br \/>\nSollte die Eingangstu\u0308r verschlossen sein, bitte klingeln. (Klingel befindet sich links von der Eingangstu\u0308r.)<\/p>\n<p>Sprecht uns gerne an oder kommt direkt zum Training. Wir freuen uns u\u0308ber jeden neuen Mitspieler.<br \/>\nGeplante Teamevents:<br \/>\n\u2022 einmal mtl. gemu\u0308tliches Beisammensein nach dem Training in einer nahen Gastronomie<br \/>\n\u2022 Sommergrillfest<\/p>\n<div><\/div>\n<div><\/div>\n<div><\/div>\n<\/div>\n<\/div>\n<div class=\"page\" title=\"Page 4\">\n<div class=\"layoutArea\">\n<div class=\"column\">\n<h2>Wanderabteilung<\/h2>\n<p>Kommissarischer Abteilungsleiter: Hans-Peter Sperber E-Mail: <a href=\"mailto:wandern@psv-siegburg.de\"><span style=\"color: #0000ff;\">wandern@psv-siegburg.de<\/span><\/a><\/p>\n<p><strong>Wandergruppe 1:<\/strong><\/p>\n<p>Fu\u0308r wanderinteressierte PSV-Mitglieder und solche, die es werden wollen, bieten wir etwa alle 4 Wochen eine gefu\u0308hrte Wanderung in die na\u0308here Umgebung an. Das Tempo ist sportlich, die Streckenla\u0308nge liegt bei 15 &#8211; 17 km. Die Jahresplanung findet sich auf <a href=\"https:\/\/psv-siegburg.de\/blog\/wandern\/wandergruppe-1\/\" target=\"_blank\" rel=\"noopener\"><span style=\"color: #0000ff;\">https:\/\/psv-siegburg.de\/blog\/wandern\/wandergruppe-1\/<\/span><\/a><\/p>\n<p>Wanderleiter und Trainer Bergwandern (DOSB-Lizenzen B und C): Hans-Peter Sperber<br \/>\nMobil: 01511-1801300<br \/>\nE-Mail: <a href=\"mailto:hps5@gmx.de\"><span style=\"color: #0000ff;\">hps5@gmx.de<\/span><\/a><\/p>\n<p><strong>Wandergruppe 2:<\/strong><\/p>\n<p>Fu\u0308r alle, die noch mehr die Landschaft genie\u00dfen, Fotos schie\u00dfen und Sehenswertes\/ Kurioses am Wegesrand entdecken wollen, finden einmal monatlich, jeweils samstags und u\u0308berwiegend im Rhein-Sieg-Kreis gefu\u0308hrte Wanderungen mit einer Streckenla\u0308nge von ca. 10 km statt.<\/p>\n<p>Die Termine finden Sie auf der Homepage unter: <span style=\"color: #0000ff;\"><a style=\"color: #0000ff;\" href=\"https:\/\/psv-siegburg.de\/blog\/wandern\/wandergruppe-2\/\" target=\"_blank\" rel=\"noopener\">https:\/\/psv-siegburg.de\/blog\/wandern\/wandergruppe-2\/<\/a><\/span><\/p>\n<\/div>\n<div>\n<div class=\"page\" title=\"Page 4\">\n<div class=\"layoutArea\">\n<div class=\"column\">\n<div class=\"page\" title=\"Page 4\">\n<div class=\"layoutArea\">\n<div class=\"column\">Wanderfu\u0308hrerin: Brigitte Shaffii<\/div>\n<div class=\"column\">Mobil: 0152-09872619<\/div>\n<\/div>\n<\/div>\n<div class=\"page\" title=\"Page 4\">\n<div class=\"layoutArea\">\n<div class=\"column\">E-Mail: <span style=\"color: #0000ff;\"><a style=\"color: #0000ff;\" href=\"mailto:b.shaffii@online.de\">b.shaffii@online.de<\/a><\/span><\/div>\n<div><\/div>\n<div><\/div>\n<\/div>\n<\/div>\n<\/div>\n<\/div>\n<\/div>\n<\/div>\n<p>&nbsp;<\/p>\n<div>\n<p><strong>Wandergruppe 3:<\/strong><\/p>\n<p>Hier treffen sich ehemalige Fu\u00dfballer des PSV Siegburg, die nach ihrer aktiven Zeit zum Wandern gefunden haben. Die Gruppe trifft sich jede Woche donnerstags fu\u0308r Wanderun- gen zwischen 13 und 17 km. Einmal im Jahr findet eine 4-ta\u0308gige Wandertour statt. Zurzeit ko\u0308nnen keine weiteren Interessenten aufgenommen werden.<\/p>\n<\/div>\n<div>Wanderfu\u0308hrer: Herbert Weiss<\/div>\n<div>Mobil: 0172-2914511<\/div>\n<div>E-Mail: <span style=\"color: #0000ff;\"><a style=\"color: #0000ff;\" href=\"mailto:weiss.herby@gmx.de\">weiss.herby@gmx.de<\/a><\/span><\/div>\n<p>&nbsp;<\/p>\n<\/div>\n<div><\/div>\n<div class=\"layoutArea\">\n<div class=\"column\">\n<div>\n<div class=\"page\" title=\"Page 4\">\n<div class=\"page\" title=\"Page 5\">\n<div class=\"layoutArea\">\n<div class=\"column\">\n<h2>Nordic Walking<\/h2>\n<\/div>\n<\/div>\n<div class=\"layoutArea\">\n<div class=\"column\">\n<p>Der PSV beabsichtigt, ab 2026 Nordic Walking als Kurs, sowie als regelma\u0308\u00dfigen Lauftreff anzubieten. \u200b<\/p>\n<p>Nordic Walking ist ein schonendes und gleichzeitig effektives Ganzko\u0308rpertraining, dass sich fu\u0308r Anfa\u0308nger und Fortgeschrittene gleicherma\u00dfen eignet.\u200b \u200b<br \/>\nTrainer:<br \/>\nHans-Peter Sperber (Nordic Walking Instructor als U\u0308bungsleiter B\/Pra\u0308vention) Mobil: 01511-1801300<br \/>\nE-Mail: <a href=\"mailto:hps5@gmx.de\"><span style=\"color: #0000ff;\">hps5@gmx.de<\/span><\/a><\/p>\n<h2>Wandern mit einem \u2018Perso\u0308nlichen Wander-Coach\u2018<\/h2>\n<p>Deutschland erlebt einen Wander-Boom. Die drei Wandergruppen des PSV sind gut besucht. Aus vielen Gespra\u0308chen wissen wir aber, dass Gruppenwanderungen nicht Jeden oder Jede ansprechen.<\/p>\n<p>Die Gru\u0308nde sind vielfa\u0308ltig:<\/p>\n<ul>\n<li>Dem Einen ist das Wandern in der Gruppe einfach zu laut.<\/li>\n<li>Der Andere fu\u0308hlt sich noch nicht fit genug fu\u0308r eine Gruppenwanderung.<\/li>\n<li>Einigen sind die Gruppenwanderungen des PSV zu kurz.<\/li>\n<li>Andere wollen es gerne ein wenig anspruchsvoller haben.<\/li>\n<li>Manch einer will die Wanderfa\u0308higkeiten gezielt und individuell verbessern.<\/li>\n<li>Andere wollen sich bei einer Wanderung lieber auf die Natur konzentrieren.<\/li>\n<li>Und schlie\u00dflich gibt es Wanderer, die sich bei einer spannenden Familienwan-derung nur um die Familie ku\u0308mmern wollen.<\/li>\n<\/ul>\n<\/div>\n<\/div>\n<\/div>\n<div class=\"page\" title=\"Page 6\">\n<div class=\"layoutArea\">\n<div class=\"column\">Aus diesen Bed\u00fcrfnissen wurde das Konzept \u2018Pers\u00f6nlicher Wander-Coach\u2018 entwickelt.\u2028Interessierte (Einzelpersonen oder kleine Gruppen) haben die M\u00f6glichkeit, Hans-Peter Sperber als \u2018Pers\u00f6nlichen Wander-Coach\u2018 beim PSV zu buchen. Hans-Peter ist langj\u00e4hriger Wanderf\u00fchrer beim PSV und DOSB-\u00dcbungsleiter \u201eBergwandern\u201c mit B- Lizenz.\u2028Das Konzept wird ausf\u00fchrlich auf unserer Homepage vorgestellt: <a href=\"https:\/\/psv-siegburg.de\/blog\/wander-coach\/\" target=\"_blank\" rel=\"noopener\"><span style=\"color: #0000ff;\">https:\/\/psv-siegburg.de\/blog\/wander-coach\/<\/span><\/a><br \/>\nEs wird eine Teilnahmegeb\u00fchr erhoben. Weitere Informationen k\u00f6nnen gerne unter <span style=\"color: #0000ff;\"><a style=\"color: #0000ff;\" href=\"mailto:wandern@psv-siegburg.de\" target=\"_blank\" rel=\"noopener\">wandern@psv-siegburg.de<\/a><\/span> oder telefonisch (01511-1801300 \/ Hans-Peter Sperber) angefordert werden.<\/div>\n<p>&nbsp;<\/p>\n<div><\/div>\n<\/div>\n<div class=\"layoutArea\">\n<div class=\"column\">\n<h2>Kursangebot: Entspannung und Stressreduktion durch Wandern<\/h2>\n<p>Wandern ist ein hervorragendes Mittel, seinen Ko\u0308rper in jedem Alter wieder in Schwung zu bringen. Wandern kann aber auch die Basis fu\u0308r ein umfassendes Programm zur Entspannung und Stressreduktion bilden.<\/p>\n<p>In einem 12-wo\u0308chigen Kurs lernen die Teilnehmenden (max. 8 Personen), einen gesundheitsfo\u0308rdernden und naturverbundenen Lebensstil mit Hilfe des Wanderns zu entwickeln und in den Alltag zu integrieren.<\/p>\n<p>Der Kurs besteht aus vier Tages-Wanderungen sowie acht Kurz-Wanderungen. Die Kursgebu\u0308hr betra\u0308gt fu\u0308r PSV-Mitglieder 120,- \u20ac (sonst 150,- \u20ac).<\/p>\n<p>Die Zielgruppe fu\u0308r das Programm sind Erwachsene ab 18 Jahre mit hoher Stressbelastung, die an Bewegung und Sport interessiert sind und besonders an Menschen, die lange keinen Sport mehr betrieben haben. Tempo und Intensita\u0308t der Wanderungen orientieren sich an diesem Personenkreis.<\/p>\n<p>Die Kursleitung hat Hans-Peter Sperber, DOSB-U\u0308bungsleiter mit B-Lizenz in diesem Spezialgebiet.<\/p>\n<p>Weitere Informationen finden Sie unter <a href=\"https:\/\/psv-siegburg.de\/blog\/stressreduktion-und-entspannung-durch-wandern\/\"><span style=\"color: #0000ff;\">https:\/\/psv-siegburg.de\/blog\/stressreduktion-und-entspannung-durch-wandern\/<\/span> \u00a0<\/a>oder ko\u0308nnen telefonisch bei Hans-Peter Sperber (Mobil: 01511-1801300) angefordert werden. Sobald sich mind. 6 Interessenten oder Interessentinnen melden, wird 2026 ein neuer Kurs angeboten.<\/p>\n<\/div>\n<\/div>\n<div class=\"layoutArea\">\n<div class=\"column\">\n<h2>Wanderwochenende 01. \u2013 03.05.2026 nach Annweiler am Trifels (Pfa\u0308lzer Wald)<\/h2>\n<\/div>\n<\/div>\n<\/div>\n<div class=\"page\" title=\"Page 7\">\n<div class=\"layoutArea\">\n<div class=\"column\">\n<p>Im Herzen der ehemaligen Reichsstadt mit seinem idyllischen Fachwerkzentrum haben wir das 3-Sterne-Hotel \u201eZum Alten Wasserrad\u201c komplett reserviert. Die hoch u\u0308ber der Stadt liegende Reichsburg Trifels, ehemaliger Verwahrort der \u201eReichsinsignien\u201c (Krone, Zepter und Reichsapfel) geho\u0308rt zu unseren Wanderzielen.<\/p>\n<p>Die Anforderungen sind so, dass sie von allen Mitgliedern unserer drei Wandergrup- pen bewa\u0308ltigt werden ko\u0308nnen.<br \/>\nWer Interesse hat, kann dies gerne mit dem <span style=\"color: #0000ff;\"><a style=\"color: #0000ff;\" href=\"http:\/\/psv-siegburg.de\/blog\/wp-content\/uploads\/2025\/12\/Anl-2Rueckmeldebogen-2026.pdf\" target=\"_blank\" rel=\"noopener\">Ru\u0308ckmeldebogen<\/a> <\/span>bekunden.<\/p>\n<h2>Herbstfahrt vom 19. \u2013 26.09.2026 nach Saalbach-Vorderglemm<\/h2>\n<p>Wir haben das 4-Sterne-Wellnesshotel \u201eTiroler Buam\u201c reserviert.<\/p>\n<p>Den \u201eEinstieg\u201c zum Wanderprogramm bildet wie in jedem Jahr eine Eingewo\u0308hnungstour mit der ganzen Gruppe. An den fu\u0308nf folgenden Tagen werden durch unsere Wanderfu\u0308hrer Wanderungen in drei Schwierigkeitsstufen angeboten.<\/p>\n<p>Der Teilnahmepreis (Hotel\/Halbpension, Wanderprogramm) liegt bei 586,- bis 785,- \u20ac pro Einzelzimmer und 1.170,- \u20ac fu\u0308r ein Doppelzimmer. Und da ist die Saalbacher \u201eJoker-Card\u201c mit zahlreichen Vergu\u0308nstigungen (u.a. freie Seilbahn- und O\u0308PNV-Nutzung) schon inclusive.<\/p>\n<p>Es handelt sich wie immer um eine Sportveranstaltung im Sinne unseres Satzungszwecks. Insofern wird eine gewisse ko\u0308rperliche Fitness vorausgesetzt (mindestens Niveau unserer Wandergruppe 2).<\/p>\n<p>Da die Tour innerhalb der Wanderabteilung bereits gro\u00dfes Interesse hervorgerufen hat, wird bei eigenem Interesse um eine zeitnahe <span style=\"color: #0000ff;\"><a style=\"color: #0000ff;\" href=\"http:\/\/psv-siegburg.de\/blog\/wp-content\/uploads\/2025\/12\/Anl-2Rueckmeldebogen-2026.pdf\" target=\"_blank\" rel=\"noopener\">Ru\u0308ckmeldung<\/a><\/span> gebeten.<\/p>\n<h2>Abteilung Pra\u0308vention:<\/h2>\n<p>Stv. Abteilungsleiterin: Sonja Goede (d: 02242-541352, p: 02224-81342) E-Mail: <span style=\"color: #0000ff;\"><a style=\"color: #0000ff;\" href=\"mailto:praevention@psv-siegburg.de\">praevention@psv-siegburg.de<\/a><\/span><\/p>\n<h2>Integrative Schwimmkurse fu\u0308r Ma\u0308dchen ab 12 Jahre und Frauen<\/h2>\n<p>Im hei\u00dfen Sommer locken Flu\u0308sse und Badeseen ins ku\u0308hle Nass, insbesondere Familien mit ihren Kindern. Hierbei werden die Gefahren von unbewachten und offenen Gewa\u0308ssern leider oft unterscha\u0308tzt. Und ha\u0308ufig sind vom Ertrinken Menschen mit Migrationshintergrund betroffen, in deren Heimat klassische Schwimmba\u0308der meist nicht vorhanden sind.<\/p>\n<p>Durch kulturelle und religio\u0308se Gru\u0308nde sind dann insbesondere Ma\u0308dchen und Frauen daran gehindert, die Schwimmfa\u0308higkeit zu erlangen.<br \/>\nUm hier Abhilfe zu schaffen, veranstaltet der PSV Siegburg in Kooperation mit der Katholischen Jugend Agentur Bonn (KJA) seit 2015 sehr erfolgreich Ma\u0308dchen- und Frauenschwimmkurse.<\/p>\n<\/div>\n<\/div>\n<div class=\"layoutArea\">\n<div class=\"column\">\n<p>Das Training findet in der Regel Sonntag vormittags in der Schwimmhalle der Sportschule Hennef statt. Durch das gro\u00dfzu\u0308gige Angebot der Schulleitung ist es uns mo\u0308glich, seit Jahren ein von der O\u0308ffentlichkeit ausgeschlossenes, qualifiziertes Training anzubieten. Die Ma\u0308dchen und Frauen lernen hier bei den ausschlie\u00dflich weiblichen Trainerinnen das Schwimmen von der Wassergewo\u0308hnung bis zum Seepferdchen-Abzeichen.<br \/>\nErfreulicherweise konnten wir in den vergangenen Jahren sogar neue Trainerinnen aus den Reihen ehemaliger Teilnehmerinnen ausbilden.<\/p>\n<\/div>\n<\/div>\n<\/div>\n<div class=\"page\" title=\"Page 8\">\n<div class=\"layoutArea\">\n<div class=\"column\">\n<p>Aktuell wird unser Schwimmbad aber renoviert. Die Arbeiten sind voraussichtlich nach den Sommerferien 2026 beendet. Alternativ haben wir noch verku\u0308rztes Schwimmtraining fu\u0308r unsere Frauen in der Schwimmhalle der Grundschule in Hennef \u2013 Uckerath freitags von 20:30 \u2013 21:30 Uhr.<\/p>\n<p>Weiterhin bieten wir aber auch unser buntes Gymnastikprogramm fu\u0308r Frauen sonn- tags, 10:00 Uhr, in der Turnhalle der Adolf-Kolping-Grundschule in Siegburg-Bru\u0308ck- berg, Gartenstra\u00dfe\/Arndtstra\u00dfe, an.<br \/>\nEs wird eine Teilnahmegebu\u0308hr von 25,- \u20ac erhoben.<\/p>\n<p>Interessentinnen melden sich bitte per <span style=\"color: #0000ff;\"><a style=\"color: #0000ff;\" href=\"http:\/\/psv-siegburg.de\/blog\/wp-content\/uploads\/2025\/12\/Anl-2Rueckmeldebogen-2026.pdf\" target=\"_blank\" rel=\"noopener\">Ru\u0308ckmeldebogen<\/a><\/span>.<\/p>\n<h2>Selbstbehauptungs-\/Selbstverteidigungskurse (SB\/SV) fu\u0308r Frauen und Ma\u0308dchen<\/h2>\n<p>Der PSV veranstaltet seit vielen Jahren SB\/SV-Kurse fu\u0308r Frauen und Ma\u0308dchen.<\/p>\n<p>Das Training findet 1 x wo\u0308chentlich abends an 10 Terminen statt. Die Trainerteams sind zweigeschlechtlich. Diese Konstellation hat sich sehr erfolgreich etabliert.<br \/>\nDie Kurse sind aufbauend gestaltet, sodass alle Frauen allma\u0308hlich an eine individuelle Verteidigungsstrategie herangefu\u0308hrt werden ko\u0308nnen, mit der sie sich in vielen Situationen deutlich sicherer und sta\u0308rker fu\u0308hlen. Das Selbstvertrauen und Selbstwertgefu\u0308hl werden gesteigert.<br \/>\nFu\u0308r die Teilnahme wird ein Beitrag erhoben, PSV-Mitglieder erhalten einen Rabatt. Die Kurse werden auf unserer PSV-Homepage und in der Presse beworben. Interessentinnen ko\u0308nnen sich per <span style=\"color: #0000ff;\"><a style=\"color: #0000ff;\" href=\"http:\/\/psv-siegburg.de\/blog\/wp-content\/uploads\/2025\/12\/Anl-2Rueckmeldebogen-2026.pdf\" target=\"_blank\" rel=\"noopener\">Ru\u0308ckmeldebogen<\/a><\/span> registrieren lassen. Sie werden dann hinsichtlich neuer Kurse informiert.<br \/>\nAktuell ist ab Herbst 2026 ein neuer Kurs in Planung.<\/p>\n<p>Hans-Dieter Peine<br \/>\nFachwart O\u0308ffentlichkeitsarbeit<\/p>\n<p>Anlagen:<\/p>\n<p><a href=\"http:\/\/psv-siegburg.de\/blog\/wp-content\/uploads\/2025\/12\/Anl-1Einladung-MV-2026.pdf\" target=\"_blank\" rel=\"noopener\"><span style=\"color: #0000ff;\">1 &#8211; Einladung Mitgliederversammlung<\/span><\/a><\/p>\n<p><a href=\"http:\/\/psv-siegburg.de\/blog\/wp-content\/uploads\/2025\/12\/Anl-2Rueckmeldebogen-2026.pdf\" target=\"_blank\" rel=\"noopener\"><span style=\"color: #0000ff;\">2 &#8211; Ru\u0308ckmeldebogen<\/span><\/a><\/p>\n<p><span style=\"color: #0000ff;\"><a style=\"color: #0000ff;\" href=\"http:\/\/psv-siegburg.de\/blog\/wp-content\/uploads\/2025\/12\/Anl-3Jubilaeumsfeier.pdf\" target=\"_blank\" rel=\"noopener\">3 &#8211; Anku\u0308ndigung Jubila\u0308umsfeier PSV<\/a><\/span><\/p>\n<\/div>\n<\/div>\n<\/div>\n<\/div>\n<div>\n<p>&nbsp;<\/p>\n<div style=\"clear: both;\">\n<p class=\"Footer\" style=\"margin-right: 18pt;\">\n<\/div>\n<\/div>\n<\/div>\n<\/div>\n<\/div>\n<\/div>\n<\/div>\n<\/div>\n<\/div>\n<\/div>\n<\/div>\n<\/div>\n<\/div>\n<\/div>\n","protected":false},"excerpt":{"rendered":"<p>Liebe Sportfreundinnen und Sportfreunde, das Jahr 2025 geht zu Ende und damit ein Jahr mit vielen Aktivita\u0308ten in unserem PSV. Unser regelma\u0308\u00dfiges Sportprogramm beim Wandern, Badminton und Tischtennis ist gut besucht. Im kommenden Jahr werden wir auch Nordic Walking in unser Sportprogramm aufnehmen. Die Abteilung Pra\u0308vention engagiert sich in vielfa\u0308ltiger Weise bei der Schwimmausbildung von &hellip; <a href=\"https:\/\/psv-siegburg.de\/blog\/unser-sportliches-angebot-im-jahr-2026\/\" class=\"more-link\"><span class=\"screen-reader-text\">Unser sportliches Angebot im Jahr 2026<\/span> weiterlesen <span class=\"meta-nav\">&rarr;<\/span><\/a><\/p>\n","protected":false},"author":1,"featured_media":0,"parent":0,"menu_order":0,"comment_status":"closed","ping_status":"closed","template":"","meta":{"footnotes":""},"class_list":["post-2186","page","type-page","status-publish","hentry"],"_links":{"self":[{"href":"https:\/\/psv-siegburg.de\/blog\/wp-json\/wp\/v2\/pages\/2186"}],"collection":[{"href":"https:\/\/psv-siegburg.de\/blog\/wp-json\/wp\/v2\/pages"}],"about":[{"href":"https:\/\/psv-siegburg.de\/blog\/wp-json\/wp\/v2\/types\/page"}],"author":[{"embeddable":true,"href":"https:\/\/psv-siegburg.de\/blog\/wp-json\/wp\/v2\/users\/1"}],"replies":[{"embeddable":true,"href":"https:\/\/psv-siegburg.de\/blog\/wp-json\/wp\/v2\/comments?post=2186"}],"version-history":[{"count":118,"href":"https:\/\/psv-siegburg.de\/blog\/wp-json\/wp\/v2\/pages\/2186\/revisions"}],"predecessor-version":[{"id":2514,"href":"https:\/\/psv-siegburg.de\/blog\/wp-json\/wp\/v2\/pages\/2186\/revisions\/2514"}],"wp:attachment":[{"href":"https:\/\/psv-siegburg.de\/blog\/wp-json\/wp\/v2\/media?parent=2186"}],"curies":[{"name":"wp","href":"https:\/\/api.w.org\/{rel}","templated":true}]}}