{"id":654,"date":"2016-06-07T15:51:41","date_gmt":"2016-06-07T13:51:41","guid":{"rendered":"http:\/\/psv-siegburg.de\/blog\/?page_id=654"},"modified":"2023-11-27T01:22:12","modified_gmt":"2023-11-27T00:22:12","slug":"selbstbehauptungskurs-hennef","status":"publish","type":"page","link":"https:\/\/psv-siegburg.de\/blog\/selbstbehauptungskurs-hennef\/","title":{"rendered":"Kursangebot Selbstbehauptungskurs Siegburg"},"content":{"rendered":"\n<p>(Frauen und M\u00e4dchen ab 16 Jahren)<\/p>\n\n\n<table style=\"height: 251px;\" width=\"592\">\n<tbody>\n<tr>\n<td><strong>&nbsp;<\/strong><\/td>\n<td><strong>Dienstags ab dem 18.04.2023<\/strong><\/td>\n<\/tr>\n<tr>\n<td>&nbsp;<\/td>\n<td>in 10 aufeinanderfolgenden Kurseinheiten<\/td>\n<\/tr>\n<tr>\n<td>&nbsp;<strong>Beitrag:<\/strong><\/td>\n<td><strong>100,00 \u20ac<br><\/strong>(PSV-Mitglieder erhalten 11,00 EUR Rabatt)<\/td>\n<\/tr>\n<tr>\n<td>&nbsp;<\/td>\n<td>&nbsp;<\/td>\n<\/tr>\n<tr>\n<td><strong>Ort:<\/strong><\/td>\n<td><span style=\"color: #000000;\"><strong>Adpof Kolping Schule<br>Arndtstra\u00dfe<br>53721 Siegburg<br><\/strong><\/span><\/td>\n<\/tr>\n<tr>\n<td><strong>Zeit:<\/strong><\/td>\n<td><strong>17.30 bis 19.00 Uhr<\/strong><\/td>\n<\/tr>\n<\/tbody>\n<\/table>\n<p>Bei Interesse oder R\u00fcckfragen wenden Sie sich bitte an die Trainer: Claudia M\u00fcller (Polizeiwache Siegburg)<br>Pascal Hauseur (Polizeiwache Hennef)<\/p>\n<p>oder pers\u00f6nlich, per e-Mail an<br>praevention@psv-siegburg.de<br>Abteilung Pr\u00e4vention<br>Polizei-Sport-Verein Siegburg 1976 e.V.<br>c\/o Polizeiwache Siegburg<br>Frankfurter Str. 12-16<br>53721 Siegburg<\/p>\n<p><strong>ANMELDEFORMULAR PDF<br>[pdf-embedder url=&#8220;http:\/\/psv-siegburg.de\/blog\/wp-content\/uploads\/2023\/03\/Anmeldung-2023.pdf&#8220; title=&#8220;Anmeldung 2023&#8243;]<br><\/strong><\/p>\n<p><b>Ben\u00f6tigen Sie eine Teilnahmebescheinigung?<\/b><\/p>\n<p>Download PDF:&nbsp;<a href=\"http:\/\/psv-siegburg.de\/blog\/wp-content\/uploads\/2018\/08\/Teilnahmebescheinigung.pdf\">Teilnahmebescheinigung<\/a><\/p>\n<p>Download Word:&nbsp;<a href=\"http:\/\/psv-siegburg.de\/blog\/wp-content\/uploads\/2018\/08\/Teilnahmebescheinigung.docx\">Teilnahmebescheinigung<\/a><\/p>","protected":false},"excerpt":{"rendered":"<p>(Frauen und M\u00e4dchen ab 16 Jahren) &nbsp; Dienstags ab dem 18.04.2023 &nbsp; in 10 aufeinanderfolgenden Kurseinheiten &nbsp;Beitrag: 100,00 \u20ac(PSV-Mitglieder erhalten 11,00 EUR Rabatt) &nbsp; &nbsp; Ort: Adpof Kolping SchuleArndtstra\u00dfe53721 Siegburg Zeit: 17.30 bis 19.00 Uhr Bei Interesse oder R\u00fcckfragen wenden Sie sich bitte an die Trainer: Claudia M\u00fcller (Polizeiwache Siegburg)Pascal Hauseur (Polizeiwache Hennef) oder pers\u00f6nlich, &hellip; <a href=\"https:\/\/psv-siegburg.de\/blog\/selbstbehauptungskurs-hennef\/\" class=\"more-link\"><span class=\"screen-reader-text\">Kursangebot Selbstbehauptungskurs Siegburg<\/span> weiterlesen <span class=\"meta-nav\">&rarr;<\/span><\/a><\/p>\n","protected":false},"author":1,"featured_media":0,"parent":0,"menu_order":0,"comment_status":"closed","ping_status":"closed","template":"","meta":{"footnotes":""},"class_list":["post-654","page","type-page","status-publish","hentry"],"_links":{"self":[{"href":"https:\/\/psv-siegburg.de\/blog\/wp-json\/wp\/v2\/pages\/654"}],"collection":[{"href":"https:\/\/psv-siegburg.de\/blog\/wp-json\/wp\/v2\/pages"}],"about":[{"href":"https:\/\/psv-siegburg.de\/blog\/wp-json\/wp\/v2\/types\/page"}],"author":[{"embeddable":true,"href":"https:\/\/psv-siegburg.de\/blog\/wp-json\/wp\/v2\/users\/1"}],"replies":[{"embeddable":true,"href":"https:\/\/psv-siegburg.de\/blog\/wp-json\/wp\/v2\/comments?post=654"}],"version-history":[{"count":26,"href":"https:\/\/psv-siegburg.de\/blog\/wp-json\/wp\/v2\/pages\/654\/revisions"}],"predecessor-version":[{"id":1719,"href":"https:\/\/psv-siegburg.de\/blog\/wp-json\/wp\/v2\/pages\/654\/revisions\/1719"}],"wp:attachment":[{"href":"https:\/\/psv-siegburg.de\/blog\/wp-json\/wp\/v2\/media?parent=654"}],"curies":[{"name":"wp","href":"https:\/\/api.w.org\/{rel}","templated":true}]}}